{"id":22516,"date":"2022-04-16T23:51:28","date_gmt":"2022-04-16T23:51:28","guid":{"rendered":"https:\/\/likyanartravel.com\/hakkimizda\/"},"modified":"2026-04-12T11:41:45","modified_gmt":"2026-04-12T11:41:45","slug":"hakkimizda","status":"publish","type":"page","link":"https:\/\/likyanartravel.com\/tr\/hakkimizda\/","title":{"rendered":"Hakk\u0131m\u0131zda"},"content":{"rendered":"\t\t<div data-elementor-type=\"wp-page\" data-elementor-id=\"22516\" class=\"elementor elementor-22516 elementor-807\">\n\t\t\t\t\t\t<section class=\"elementor-section elementor-top-section elementor-element elementor-element-1e2f5304 elementor-section-boxed elementor-section-height-default elementor-section-height-default\" data-id=\"1e2f5304\" data-element_type=\"section\" data-e-type=\"section\">\n\t\t\t\t\t\t<div class=\"elementor-container elementor-column-gap-default\">\n\t\t\t\t\t<div class=\"elementor-column elementor-col-100 elementor-top-column elementor-element elementor-element-6aae9b20\" data-id=\"6aae9b20\" data-element_type=\"column\" data-e-type=\"column\">\n\t\t\t<div class=\"elementor-widget-wrap elementor-element-populated\">\n\t\t\t\t\t\t<div class=\"elementor-element elementor-element-4bbaade elementor-widget elementor-widget-heading\" data-id=\"4bbaade\" data-element_type=\"widget\" data-e-type=\"widget\" data-widget_type=\"heading.default\">\n\t\t\t\t<div class=\"elementor-widget-container\">\n\t\t\t\t\t<h2 class=\"elementor-heading-title elementor-size-default\">Likyanar Travel Hakk\u0131nda<\/h2>\t\t\t\t<\/div>\n\t\t\t\t<\/div>\n\t\t\t\t<div class=\"elementor-element elementor-element-86abe8b elementor-widget elementor-widget-text-editor\" data-id=\"86abe8b\" data-element_type=\"widget\" data-e-type=\"widget\" data-widget_type=\"text-editor.default\">\n\t\t\t\t<div class=\"elementor-widget-container\">\n\t\t\t\t\t\t\t\t\t<p><span style=\"font-size: 16px;\">Likyanar Travel olarak, m\u00fc\u015fterilerimizi hizmet verdi\u011fimiz destinasyonlar\u0131n zengin k\u00fclt\u00fcr\u00fc, tarihi ve do\u011fal g\u00fczellikleriyle i\u00e7 i\u00e7e ge\u00e7ecekleri unutulmaz seyahat deneyimleri sunmaya adad\u0131k. Ke\u015ffetme tutkusu ve m\u00fckemmelli\u011fe olan ba\u011fl\u0131l\u0131\u011f\u0131m\u0131zla, beklentileri a\u015fmak ve \u00f6m\u00fcr boyu unutulmayacak an\u0131lar sunmak i\u00e7in \u00e7al\u0131\u015f\u0131yoruz. <\/span><\/p>\t\t\t\t\t\t\t\t<\/div>\n\t\t\t\t<\/div>\n\t\t\t\t\t<\/div>\n\t\t<\/div>\n\t\t\t\t\t<\/div>\n\t\t<\/section>\n\t\t\t\t<section class=\"elementor-section elementor-top-section elementor-element elementor-element-6a5a94e3 elementor-section-boxed elementor-section-height-default elementor-section-height-default\" data-id=\"6a5a94e3\" data-element_type=\"section\" data-e-type=\"section\">\n\t\t\t\t\t\t<div class=\"elementor-container elementor-column-gap-default\">\n\t\t\t\t\t<div class=\"elementor-column elementor-col-50 elementor-top-column elementor-element elementor-element-52410987\" data-id=\"52410987\" data-element_type=\"column\" data-e-type=\"column\">\n\t\t\t<div class=\"elementor-widget-wrap elementor-element-populated\">\n\t\t\t\t\t\t<div class=\"elementor-element elementor-element-54e053c2 elementor-widget elementor-widget-heading\" data-id=\"54e053c2\" data-element_type=\"widget\" data-e-type=\"widget\" data-widget_type=\"heading.default\">\n\t\t\t\t<div class=\"elementor-widget-container\">\n\t\t\t\t\t<h2 class=\"elementor-heading-title elementor-size-default\">Misyonumuz<\/h2>\t\t\t\t<\/div>\n\t\t\t\t<\/div>\n\t\t\t\t<div class=\"elementor-element elementor-element-8cdcbbd elementor-widget elementor-widget-text-editor\" data-id=\"8cdcbbd\" data-element_type=\"widget\" data-e-type=\"widget\" data-widget_type=\"text-editor.default\">\n\t\t\t\t<div class=\"elementor-widget-container\">\n\t\t\t\t\t\t\t\t\t<p>Likyanar Travel olarak misyonumuz basit ama anlaml\u0131d\u0131r: Anlaml\u0131 seyahat deneyimleri arac\u0131l\u0131\u011f\u0131yla m\u00fc\u015fterilerimizin hayatlar\u0131na ilham vermek ve onlar\u0131 zenginle\u015ftirmek. Seyahatin ufuklar\u0131 geni\u015fletme, ba\u011flar\u0131 g\u00fc\u00e7lendirme ve kal\u0131c\u0131 an\u0131lar yaratma g\u00fcc\u00fcne sahip oldu\u011funa inan\u0131yoruz. Bu d\u00fc\u015f\u00fcnceden hareketle, \u015funlara kendimizi adad\u0131k:  <\/p><ol><li><p><strong>Unutulmaz Seyahatler Yaratmak:<\/strong> Her m\u00fc\u015fterimizin kendine \u00f6zg\u00fc ilgi alanlar\u0131na ve tercihlerine uygun, ki\u015fiye \u00f6zel seyahat programlar\u0131 haz\u0131rl\u0131yoruz. K\u00fclt\u00fcrel deneyim turlar\u0131ndan macera dolu ke\u015fif gezilerine kadar, beklentileri a\u015fan ve kal\u0131c\u0131 bir izlenim b\u0131rakan seyahatler tasarl\u0131yoruz. <\/p><\/li><li><p><strong>S\u00fcrd\u00fcr\u00fclebilir Turizmi Te\u015fvik Etmek:<\/strong> Sorumlu seyahatin \u00f6neminin bilincindeyiz ve turizmin yerel topluluklar \u00fczerindeki olumlu etkisini en \u00fcst d\u00fczeye \u00e7\u0131kar\u0131rken \u00e7evresel ayak izimizi en aza indirmeye kararl\u0131y\u0131z. \u00c7evre dostu uygulamalar ve s\u00fcrd\u00fcr\u00fclebilir giri\u015fimlerle kurdu\u011fumuz ortakl\u0131klar arac\u0131l\u0131\u011f\u0131yla, ziyaret etti\u011fimiz destinasyonlar\u0131n do\u011fal g\u00fczelliklerini ve k\u00fclt\u00fcrel miras\u0131n\u0131 korumaya \u00e7al\u0131\u015f\u0131yoruz. <\/p><\/li><li><p><strong>Ola\u011fan\u00fcst\u00fc Hizmet Sunmak:<\/strong> Deneyimli seyahat uzmanlar\u0131ndan olu\u015fan ekibimiz, yolculu\u011fun her a\u015famas\u0131nda ki\u015fiye \u00f6zel hizmet sunmaya ve her ayr\u0131nt\u0131ya \u00f6zen g\u00f6stermeye kendini adam\u0131\u015ft\u0131r. Seyahat planlamas\u0131 ve lojistikten yerinde deste\u011fe kadar, m\u00fc\u015fterilerimize sorunsuz ve keyifli bir seyahat deneyimi ya\u015fatmak i\u00e7in elimizden gelenin en iyisini yap\u0131yoruz. <\/p><\/li><li><p><strong>Anlaml\u0131 Ba\u011flar Kurmak:<\/strong> Seyahatin sadece yeni yerler g\u00f6rmekten ibaret olmad\u0131\u011f\u0131n\u0131, ayn\u0131 zamanda d\u00fcnyan\u0131n d\u00f6rt bir yan\u0131ndan insanlarla ve k\u00fclt\u00fcrlerle ba\u011f kurmak oldu\u011funu d\u00fc\u015f\u00fcn\u00fcyoruz. Otantik k\u00fclt\u00fcrel deneyimler ve yerel topluluklarla kurulan etkile\u015fimler arac\u0131l\u0131\u011f\u0131yla, i\u00e7inde ya\u015fad\u0131\u011f\u0131m\u0131z bu \u00e7e\u015fitlilik dolu d\u00fcnyaya y\u00f6nelik anlay\u0131\u015f, empati ve takdir duygusunu geli\u015ftirmeyi ama\u00e7l\u0131yoruz. <\/p><\/li><li><p><strong>Seyahat Tutkusunu Ate\u015flemek:<\/strong> Her \u015feyden \u00f6nce, m\u00fc\u015fterilerimizde seyahat tutkusu ve macera ruhunu canland\u0131rmaya \u00e7al\u0131\u015f\u0131yoruz; onlar\u0131 konfor alanlar\u0131ndan \u00e7\u0131kmaya, yeni yerler ke\u015ffetmeye ve \u00f6m\u00fcr boyu unutulmayacak an\u0131lar biriktirmeye te\u015fvik ediyoruz. \u0130ster tek ba\u015f\u0131na bir maceraya at\u0131l\u0131n, ister aile tatili ya da grup gezisi yap\u0131n, seyahat hayallerinizi ger\u00e7e\u011fe d\u00f6n\u00fc\u015ft\u00fcrmek i\u00e7in buraday\u0131z. <\/p><\/li><\/ol><p>Likyanar Travel olarak misyonumuz, seyahatin d\u00f6n\u00fc\u015ft\u00fcr\u00fcc\u00fc g\u00fcc\u00fcyle m\u00fc\u015fterilerimizin hayatlar\u0131na ilham vermek, onlar\u0131 g\u00fc\u00e7lendirmek ve zenginle\u015ftirmektir. Ke\u015fif yolculu\u011fumuzda bize kat\u0131l\u0131n ve \u00f6m\u00fcr boyu unutulmayacak an\u0131lar yaratman\u0131za yard\u0131mc\u0131 olal\u0131m. <\/p>\t\t\t\t\t\t\t\t<\/div>\n\t\t\t\t<\/div>\n\t\t\t\t\t<\/div>\n\t\t<\/div>\n\t\t\t\t<div class=\"elementor-column elementor-col-50 elementor-top-column elementor-element elementor-element-3acbe6d7\" data-id=\"3acbe6d7\" data-element_type=\"column\" data-e-type=\"column\">\n\t\t\t<div class=\"elementor-widget-wrap elementor-element-populated\">\n\t\t\t\t\t\t<div class=\"elementor-element elementor-element-5c6b690d elementor-widget elementor-widget-heading\" data-id=\"5c6b690d\" data-element_type=\"widget\" data-e-type=\"widget\" data-widget_type=\"heading.default\">\n\t\t\t\t<div class=\"elementor-widget-container\">\n\t\t\t\t\t<h2 class=\"elementor-heading-title elementor-size-default\">Vizyonumuz<\/h2>\t\t\t\t<\/div>\n\t\t\t\t<\/div>\n\t\t\t\t<div class=\"elementor-element elementor-element-5930b1d elementor-widget elementor-widget-text-editor\" data-id=\"5930b1d\" data-element_type=\"widget\" data-e-type=\"widget\" data-widget_type=\"text-editor.default\">\n\t\t\t\t<div class=\"elementor-widget-container\">\n\t\t\t\t\t\t\t\t\t<p>Likyanar Travel olarak vizyonumuz, duyular\u0131 b\u00fcy\u00fcleyen, ruhu zenginle\u015ftiren ve ke\u015ffetmeye kar\u015f\u0131 \u00f6m\u00fcr boyu s\u00fcrecek bir tutku uyand\u0131ran, s\u00fcr\u00fckleyici seyahat deneyimleri sunan lider bir \u015firket olarak tan\u0131nmakt\u0131r. Hedeflerimiz \u015funlard\u0131r: <\/p><ol><li><p><strong>Seyahat Tutkusunu Ate\u015flemek:<\/strong> Amac\u0131m\u0131z, her gezginde seyahat tutkusu ve merak uyand\u0131rarak, onlar\u0131 konfor alanlar\u0131n\u0131n \u00f6tesine ge\u00e7meye ve d\u00fcnyan\u0131n harikalar\u0131n\u0131 ke\u015ffetmeye te\u015fvik etmektir. Geni\u015f destinasyon ve deneyim yelpazemizle, bizimle seyahat eden herkeste ke\u015fif ve ke\u015ffetme tutkusunu uyand\u0131rmay\u0131 hedefliyoruz. <\/p><\/li><li><p><strong>Kal\u0131c\u0131 An\u0131lar Yaratmak:<\/strong> M\u00fc\u015fterilerimiz i\u00e7in unutulmaz an\u0131lar yaratmay\u0131, seyahat hayallerini ger\u00e7e\u011fe d\u00f6n\u00fc\u015ft\u00fcrmeyi ve kalplerinde ve zihinlerinde kal\u0131c\u0131 bir iz b\u0131rakmay\u0131 hedefliyoruz. \u0130ster hayranl\u0131k uyand\u0131ran do\u011fal manzaralara tan\u0131k olmak, ister canl\u0131 k\u00fclt\u00fcrel geleneklerin i\u00e7ine dalmak, ister yerli halkla anlaml\u0131 ba\u011flar kurmak olsun, yolculuklar\u0131n\u0131n her an\u0131n\u0131 unutulmaz k\u0131lmak i\u00e7in \u00e7aba g\u00f6steriyoruz. <\/p><\/li><li><p><strong>K\u00fclt\u00fcrel Anlay\u0131\u015f\u0131 Te\u015fvik Etmek:<\/strong> Seyahatin, k\u00fclt\u00fcrel anlay\u0131\u015f\u0131, empatiyi ve \u00e7e\u015fitlili\u011fe sayg\u0131y\u0131 te\u015fvik etme konusunda d\u00f6n\u00fc\u015ft\u00fcr\u00fcc\u00fc g\u00fcc\u00fcne inan\u0131yoruz. Vizyonumuz, gezginler ile ziyaret ettikleri topluluklar aras\u0131nda anlaml\u0131 ba\u011flar kurarak, farkl\u0131 k\u00fclt\u00fcrler, gelenekler ve bak\u0131\u015f a\u00e7\u0131lar\u0131 aras\u0131nda diyalog, payla\u015f\u0131m ve kar\u015f\u0131l\u0131kl\u0131 takdir duygusunu te\u015fvik etmektir. <\/p><\/li><li><p><strong>S\u00fcrd\u00fcr\u00fclebilir Turizmi Desteklemek:<\/strong> S\u00fcrd\u00fcr\u00fclebilir turizm uygulamalar\u0131nda \u00f6nc\u00fc olmaya, \u00e7evresel etkimizi en aza indirmeye ve do\u011fal ve k\u00fclt\u00fcrel miras alanlar\u0131n\u0131n korunmas\u0131n\u0131 desteklemeye kararl\u0131y\u0131z. Vizyonumuz, ekosistemlerin hassas dengesine sayg\u0131 duyan, yerel ekonomileri destekleyen ve topluluklar\u0131n geli\u015fmesini sa\u011flayan sorumlu seyahati te\u015fvik etmektir. <\/p><\/li><li><p><strong>M\u00fckemmelli\u011fi Sunmak: <\/strong>Seyahat sekt\u00f6r\u00fcnde m\u00fckemmelli\u011fin simgesi olmay\u0131 hedefliyor, m\u00fc\u015fterilerimize ola\u011fan\u00fcst\u00fc hizmet, kalite ve de\u011fer sunuyoruz. M\u00fc\u015fterilerimizin bizimle ilk temasa ge\u00e7ti\u011fi andan vedala\u015ft\u0131\u011f\u0131m\u0131z ana kadar, beklentileri a\u015fmay\u0131, ihtiya\u00e7lar\u0131 \u00f6nceden tahmin etmeyi ve bizi di\u011ferlerinden ay\u0131ran ki\u015fiselle\u015ftirilmi\u015f bir ilgi sunmay\u0131 ama\u00e7l\u0131yoruz. <\/p><\/li><li><p><strong>D\u00f6n\u00fc\u015f\u00fcme \u0130lham Vermek: <\/strong>Nihai vizyonumuz, m\u00fc\u015fterilerimizin hayatlar\u0131nda bir d\u00f6n\u00fc\u015f\u00fcme ilham vermek; onlara yeni deneyimleri kucaklama, ufuklar\u0131n\u0131 geni\u015fletme ve d\u00fcnyan\u0131n g\u00fczelli\u011fi ile \u00e7e\u015fitlili\u011fine kar\u015f\u0131 daha derin bir takdir duygusu geli\u015ftirme g\u00fcc\u00fc vermektir. Seyahat yoluyla, hayatlar\u0131n\u0131 zenginle\u015ftiren ve gelecek y\u0131llar boyunca bak\u0131\u015f a\u00e7\u0131lar\u0131n\u0131 \u015fekillendiren bir hayranl\u0131k, merak ve \u015f\u00fckran duygusu uyand\u0131rmay\u0131 hedefliyoruz. <\/p><\/li><\/ol><p>Likyanar Seyahat Acentesi olarak vizyonumuz, seyahatin g\u00fcc\u00fcyle ilham vermek, insanlar\u0131 cesaretlendirmek ve hayatlar\u0131 d\u00f6n\u00fc\u015ft\u00fcrmektir. Ke\u015fif, ara\u015ft\u0131rma ve macera dolu bir yolculu\u011fa bizimle \u00e7\u0131k\u0131n; seyahat hayallerinizi ger\u00e7e\u011fe d\u00f6n\u00fc\u015ft\u00fcrmenize yard\u0131mc\u0131 olal\u0131m. <\/p>\t\t\t\t\t\t\t\t<\/div>\n\t\t\t\t<\/div>\n\t\t\t\t\t<\/div>\n\t\t<\/div>\n\t\t\t\t\t<\/div>\n\t\t<\/section>\n\t\t\t\t<section class=\"elementor-section elementor-top-section elementor-element elementor-element-3e1c0d93 elementor-section-boxed elementor-section-height-default elementor-section-height-default\" data-id=\"3e1c0d93\" data-element_type=\"section\" data-e-type=\"section\">\n\t\t\t\t\t\t<div class=\"elementor-container elementor-column-gap-default\">\n\t\t\t\t\t<div class=\"elementor-column elementor-col-100 elementor-top-column elementor-element elementor-element-18f7a2e\" data-id=\"18f7a2e\" data-element_type=\"column\" data-e-type=\"column\">\n\t\t\t<div class=\"elementor-widget-wrap elementor-element-populated\">\n\t\t\t\t\t\t<div class=\"elementor-element elementor-element-2f1e367c elementor-widget elementor-widget-heading\" data-id=\"2f1e367c\" data-element_type=\"widget\" data-e-type=\"widget\" data-widget_type=\"heading.default\">\n\t\t\t\t<div class=\"elementor-widget-container\">\n\t\t\t\t\t<h2 class=\"elementor-heading-title elementor-size-default\">Ekibimizle tan\u0131\u015f\u0131n<\/h2>\t\t\t\t<\/div>\n\t\t\t\t<\/div>\n\t\t\t\t\t<\/div>\n\t\t<\/div>\n\t\t\t\t\t<\/div>\n\t\t<\/section>\n\t\t\t\t<section class=\"elementor-section elementor-top-section elementor-element elementor-element-258375ab elementor-section-boxed elementor-section-height-default elementor-section-height-default\" data-id=\"258375ab\" data-element_type=\"section\" data-e-type=\"section\">\n\t\t\t\t\t\t<div class=\"elementor-container elementor-column-gap-default\">\n\t\t\t\t\t<div class=\"elementor-column elementor-col-33 elementor-top-column elementor-element elementor-element-6c7849b1\" data-id=\"6c7849b1\" data-element_type=\"column\" data-e-type=\"column\">\n\t\t\t<div class=\"elementor-widget-wrap elementor-element-populated\">\n\t\t\t\t\t\t<div class=\"elementor-element elementor-element-6beecd7 overflow-hidden border-radius-20 elementor-widget elementor-widget-image\" data-id=\"6beecd7\" data-element_type=\"widget\" data-e-type=\"widget\" data-widget_type=\"image.default\">\n\t\t\t\t<div class=\"elementor-widget-container\">\n\t\t\t\t\t\t\t\t\t\t\t\t\t\t\t<img fetchpriority=\"high\" decoding=\"async\" width=\"300\" height=\"300\" src=\"https:\/\/likyanartravel.com\/wp-content\/uploads\/120459143_3759824154036309_8955342446724741345_n-300x300.jpg\" class=\"elementor-animation-grow attachment-medium size-medium wp-image-22513\" alt=\"\" srcset=\"https:\/\/likyanartravel.com\/wp-content\/uploads\/120459143_3759824154036309_8955342446724741345_n-300x300.jpg 300w, https:\/\/likyanartravel.com\/wp-content\/uploads\/120459143_3759824154036309_8955342446724741345_n-1024x1024.jpg 1024w, https:\/\/likyanartravel.com\/wp-content\/uploads\/120459143_3759824154036309_8955342446724741345_n-150x150.jpg 150w, https:\/\/likyanartravel.com\/wp-content\/uploads\/120459143_3759824154036309_8955342446724741345_n-1536x1536.jpg 1536w, https:\/\/likyanartravel.com\/wp-content\/uploads\/120459143_3759824154036309_8955342446724741345_n-2048x2048.jpg 2048w\" sizes=\"(max-width: 300px) 100vw, 300px\" \/>\t\t\t\t\t\t\t\t\t\t\t\t\t\t\t<\/div>\n\t\t\t\t<\/div>\n\t\t\t\t<div class=\"elementor-element elementor-element-52e57240 elementor-widget elementor-widget-heading\" data-id=\"52e57240\" data-element_type=\"widget\" data-e-type=\"widget\" data-widget_type=\"heading.default\">\n\t\t\t\t<div class=\"elementor-widget-container\">\n\t\t\t\t\t<h2 class=\"elementor-heading-title elementor-size-default\">Zafer Hac\u0131haf\u0131zo\u011flu<\/h2>\t\t\t\t<\/div>\n\t\t\t\t<\/div>\n\t\t\t\t<div class=\"elementor-element elementor-element-2f9f7fd8 elementor-widget elementor-widget-heading\" data-id=\"2f9f7fd8\" data-element_type=\"widget\" data-e-type=\"widget\" data-widget_type=\"heading.default\">\n\t\t\t\t<div class=\"elementor-widget-container\">\n\t\t\t\t\t<h2 class=\"elementor-heading-title elementor-size-default\">Kurucu ve CEO<\/h2>\t\t\t\t<\/div>\n\t\t\t\t<\/div>\n\t\t\t\t\t<\/div>\n\t\t<\/div>\n\t\t\t\t<div class=\"elementor-column elementor-col-33 elementor-top-column elementor-element elementor-element-17ab3b2a\" data-id=\"17ab3b2a\" data-element_type=\"column\" data-e-type=\"column\">\n\t\t\t<div class=\"elementor-widget-wrap elementor-element-populated\">\n\t\t\t\t\t\t<div class=\"elementor-element elementor-element-6e654cae overflow-hidden border-radius-20 elementor-widget elementor-widget-image\" data-id=\"6e654cae\" data-element_type=\"widget\" data-e-type=\"widget\" data-widget_type=\"image.default\">\n\t\t\t\t<div class=\"elementor-widget-container\">\n\t\t\t\t\t\t\t\t\t\t\t\t\t\t\t<img decoding=\"async\" width=\"300\" height=\"300\" src=\"https:\/\/likyanartravel.com\/wp-content\/uploads\/468528709_10162084202069591_4614714699560677642_n-e1733833658455-300x300.jpg\" class=\"elementor-animation-grow attachment-medium size-medium wp-image-22514\" alt=\"\" srcset=\"https:\/\/likyanartravel.com\/wp-content\/uploads\/468528709_10162084202069591_4614714699560677642_n-e1733833658455-300x300.jpg 300w, https:\/\/likyanartravel.com\/wp-content\/uploads\/468528709_10162084202069591_4614714699560677642_n-e1733833658455-1024x1024.jpg 1024w, https:\/\/likyanartravel.com\/wp-content\/uploads\/468528709_10162084202069591_4614714699560677642_n-e1733833658455-150x150.jpg 150w, https:\/\/likyanartravel.com\/wp-content\/uploads\/468528709_10162084202069591_4614714699560677642_n-e1733833658455-1536x1536.jpg 1536w, https:\/\/likyanartravel.com\/wp-content\/uploads\/468528709_10162084202069591_4614714699560677642_n-e1733833658455-2048x2048.jpg 2048w\" sizes=\"(max-width: 300px) 100vw, 300px\" \/>\t\t\t\t\t\t\t\t\t\t\t\t\t\t\t<\/div>\n\t\t\t\t<\/div>\n\t\t\t\t<div class=\"elementor-element elementor-element-74bf39f7 elementor-widget elementor-widget-heading\" data-id=\"74bf39f7\" data-element_type=\"widget\" data-e-type=\"widget\" data-widget_type=\"heading.default\">\n\t\t\t\t<div class=\"elementor-widget-container\">\n\t\t\t\t\t<h2 class=\"elementor-heading-title elementor-size-default\">S\u00fcreyya \u00d6zel<\/h2>\t\t\t\t<\/div>\n\t\t\t\t<\/div>\n\t\t\t\t<div class=\"elementor-element elementor-element-51d2b965 elementor-widget elementor-widget-heading\" data-id=\"51d2b965\" data-element_type=\"widget\" data-e-type=\"widget\" data-widget_type=\"heading.default\">\n\t\t\t\t<div class=\"elementor-widget-container\">\n\t\t\t\t\t<h2 class=\"elementor-heading-title elementor-size-default\">Kurucu Ortak<\/h2>\t\t\t\t<\/div>\n\t\t\t\t<\/div>\n\t\t\t\t\t<\/div>\n\t\t<\/div>\n\t\t\t\t<div class=\"elementor-column elementor-col-33 elementor-top-column elementor-element elementor-element-507c5977\" data-id=\"507c5977\" data-element_type=\"column\" data-e-type=\"column\">\n\t\t\t<div class=\"elementor-widget-wrap elementor-element-populated\">\n\t\t\t\t\t\t<div class=\"elementor-element elementor-element-1fce1b7a overflow-hidden border-radius-20 elementor-widget elementor-widget-image\" data-id=\"1fce1b7a\" data-element_type=\"widget\" data-e-type=\"widget\" data-widget_type=\"image.default\">\n\t\t\t\t<div class=\"elementor-widget-container\">\n\t\t\t\t\t\t\t\t\t\t\t\t\t\t\t<img decoding=\"async\" width=\"300\" height=\"300\" src=\"https:\/\/likyanartravel.com\/wp-content\/uploads\/321686304_1607229556421798_2048472675520178235_n-e1733833903925-300x300.jpg\" class=\"elementor-animation-grow attachment-medium size-medium wp-image-22515\" alt=\"\" srcset=\"https:\/\/likyanartravel.com\/wp-content\/uploads\/321686304_1607229556421798_2048472675520178235_n-e1733833903925-300x300.jpg 300w, https:\/\/likyanartravel.com\/wp-content\/uploads\/321686304_1607229556421798_2048472675520178235_n-e1733833903925-1024x1024.jpg 1024w, https:\/\/likyanartravel.com\/wp-content\/uploads\/321686304_1607229556421798_2048472675520178235_n-e1733833903925-150x150.jpg 150w, https:\/\/likyanartravel.com\/wp-content\/uploads\/321686304_1607229556421798_2048472675520178235_n-e1733833903925-1536x1536.jpg 1536w, https:\/\/likyanartravel.com\/wp-content\/uploads\/321686304_1607229556421798_2048472675520178235_n-e1733833903925-2048x2048.jpg 2048w\" sizes=\"(max-width: 300px) 100vw, 300px\" \/>\t\t\t\t\t\t\t\t\t\t\t\t\t\t\t<\/div>\n\t\t\t\t<\/div>\n\t\t\t\t<div class=\"elementor-element elementor-element-45acbda3 elementor-widget elementor-widget-heading\" data-id=\"45acbda3\" data-element_type=\"widget\" data-e-type=\"widget\" data-widget_type=\"heading.default\">\n\t\t\t\t<div class=\"elementor-widget-container\">\n\t\t\t\t\t<h2 class=\"elementor-heading-title elementor-size-default\">Serkan Topalo\u011flu<\/h2>\t\t\t\t<\/div>\n\t\t\t\t<\/div>\n\t\t\t\t<div class=\"elementor-element elementor-element-31c55ac8 elementor-widget elementor-widget-heading\" data-id=\"31c55ac8\" data-element_type=\"widget\" data-e-type=\"widget\" data-widget_type=\"heading.default\">\n\t\t\t\t<div class=\"elementor-widget-container\">\n\t\t\t\t\t<h2 class=\"elementor-heading-title elementor-size-default\">IT Manager<\/h2>\t\t\t\t<\/div>\n\t\t\t\t<\/div>\n\t\t\t\t\t<\/div>\n\t\t<\/div>\n\t\t\t\t\t<\/div>\n\t\t<\/section>\n\t\t\t\t<\/div>\n\t\t","protected":false},"excerpt":{"rendered":"<p>Likyanar Travel Hakk\u0131nda Likyanar Travel olarak, m\u00fc\u015fterilerimizi hizmet verdi\u011fimiz destinasyonlar\u0131n zengin k\u00fclt\u00fcr\u00fc, tarihi ve do\u011fal g\u00fczellikleriyle i\u00e7 i\u00e7e ge\u00e7ecekleri unutulmaz seyahat deneyimleri sunmaya adad\u0131k. Ke\u015ffetme tutkusu ve m\u00fckemmelli\u011fe olan ba\u011fl\u0131l\u0131\u011f\u0131m\u0131zla, beklentileri a\u015fmak ve \u00f6m\u00fcr boyu unutulmayacak an\u0131lar sunmak i\u00e7in \u00e7al\u0131\u015f\u0131yoruz. Misyonumuz Likyanar Travel olarak misyonumuz basit ama anlaml\u0131d\u0131r: Anlaml\u0131 seyahat deneyimleri arac\u0131l\u0131\u011f\u0131yla m\u00fc\u015fterilerimizin hayatlar\u0131na ilham [&hellip;]<\/p>\n","protected":false},"author":1,"featured_media":20006,"parent":0,"menu_order":0,"comment_status":"closed","ping_status":"closed","template":"template-blank.php","meta":{"footnotes":""},"class_list":["post-22516","page","type-page","status-publish","has-post-thumbnail","hentry"],"_links":{"self":[{"href":"https:\/\/likyanartravel.com\/tr\/wp-json\/wp\/v2\/pages\/22516","targetHints":{"allow":["GET"]}}],"collection":[{"href":"https:\/\/likyanartravel.com\/tr\/wp-json\/wp\/v2\/pages"}],"about":[{"href":"https:\/\/likyanartravel.com\/tr\/wp-json\/wp\/v2\/types\/page"}],"author":[{"embeddable":true,"href":"https:\/\/likyanartravel.com\/tr\/wp-json\/wp\/v2\/users\/1"}],"replies":[{"embeddable":true,"href":"https:\/\/likyanartravel.com\/tr\/wp-json\/wp\/v2\/comments?post=22516"}],"version-history":[{"count":2,"href":"https:\/\/likyanartravel.com\/tr\/wp-json\/wp\/v2\/pages\/22516\/revisions"}],"predecessor-version":[{"id":22519,"href":"https:\/\/likyanartravel.com\/tr\/wp-json\/wp\/v2\/pages\/22516\/revisions\/22519"}],"wp:featuredmedia":[{"embeddable":true,"href":"https:\/\/likyanartravel.com\/tr\/wp-json\/wp\/v2\/media\/20006"}],"wp:attachment":[{"href":"https:\/\/likyanartravel.com\/tr\/wp-json\/wp\/v2\/media?parent=22516"}],"curies":[{"name":"wp","href":"https:\/\/api.w.org\/{rel}","templated":true}]}}